{"id":241,"date":"2022-07-01T08:10:33","date_gmt":"2022-07-01T01:10:33","guid":{"rendered":"https:\/\/congchung2tphcm.com.vn\/ekios\/?page_id=241"},"modified":"2025-06-04T14:45:05","modified_gmt":"2025-06-04T07:45:05","slug":"hop-dong-giao-dich-2","status":"publish","type":"page","link":"https:\/\/phongcongchungso7hcm.com\/ekios\/hop-dong-giao-dich-2\/","title":{"rendered":"H\u1ee3p \u0110\u1ed3ng Giao D\u1ecbch"},"content":{"rendered":"\t\t<div data-elementor-type=\"wp-page\" data-elementor-id=\"241\" class=\"elementor elementor-241\">\r\n\t\t\t\t\t\t\t\t\t<section class=\"elementor-section elementor-top-section elementor-element elementor-element-8115feb elementor-section-boxed elementor-section-height-default elementor-section-height-default\" data-id=\"8115feb\" data-element_type=\"section\">\r\n\t\t\t\t\t\t<div class=\"elementor-container elementor-column-gap-default\">\r\n\t\t\t\t\t<div class=\"elementor-column elementor-col-100 elementor-top-column elementor-element elementor-element-2b3f30b\" data-id=\"2b3f30b\" data-element_type=\"column\">\r\n\t\t\t<div class=\"elementor-widget-wrap elementor-element-populated\">\r\n\t\t\t\t\t\t\t\t<div class=\"elementor-element elementor-element-f6c907a elementor-widget elementor-widget-heading\" data-id=\"f6c907a\" data-element_type=\"widget\" data-widget_type=\"heading.default\">\r\n\t\t\t\t<div class=\"elementor-widget-container\">\r\n\t\t\t<h2 class=\"elementor-heading-title elementor-size-default\">PH\u00cd C\u00d4NG CH\u1ee8NG H\u1ee2P \u0110\u1ed2NG, GIAO D\u1ecaCH<\/h2>\t\t<\/div>\r\n\t\t\t\t<\/div>\r\n\t\t\t\t<div class=\"elementor-element elementor-element-0fba8d1 elementor-widget elementor-widget-text-editor\" data-id=\"0fba8d1\" data-element_type=\"widget\" data-widget_type=\"text-editor.default\">\r\n\t\t\t\t<div class=\"elementor-widget-container\">\r\n\t\t\t\t\t\t\t\t\t\t\t\t\t<\/div>\r\n\t\t\t\t<\/div>\r\n\t\t\t\t<div class=\"elementor-element elementor-element-4bf43f4 elementor-widget elementor-widget-heading\" data-id=\"4bf43f4\" data-element_type=\"widget\" data-widget_type=\"heading.default\">\r\n\t\t\t\t<div class=\"elementor-widget-container\">\r\n\t\t\t<h2 class=\"elementor-heading-title elementor-size-default\">C\u0102N C\u1ee8 T\u00cdNH PH\u00cd, TH\u00d9 LAO C\u00d4NG CH\u1ee8NG<\/h2>\t\t<\/div>\r\n\t\t\t\t<\/div>\r\n\t\t\t\t<div class=\"elementor-element elementor-element-8180733 elementor-widget elementor-widget-text-editor\" data-id=\"8180733\" data-element_type=\"widget\" data-widget_type=\"text-editor.default\">\r\n\t\t\t\t<div class=\"elementor-widget-container\">\r\n\t\t\t\t\t\t\t<p><span style=\"color: #000000;\">1.\u00a0<a style=\"color: #000000;\" href=\"https:\/\/phongcongchungso7hcm.com\/ekios\/wp-content\/uploads\/2024\/06\/257-btc.signed.pdf\"><strong>Th\u00f4ng t\u01b0 s\u1ed1 257\/2016\/TT-BTC<\/strong>\u00a0ng\u00e0y 11\/11\/2016 c\u1ee7a B\u1ed9 T\u00e0i Ch\u00ednh quy \u0111\u1ecbnh m\u1ee9c, ch\u1ebf \u0111\u1ed9 thu, n\u1ed9p, qu\u1ea3n l\u00fd, s\u1eed d\u1ee5ng ph\u00ed c\u00f4ng ch\u1ee9ng; ph\u00ed ch\u1ee9ng th\u1ef1c; ph\u00ed th\u1ea9m \u0111\u1ecbnh ti\u00eau chu\u1ea9n, \u0111i\u1ec1u ki\u1ec7n h\u00e0nh ngh\u1ec1 c\u00f4ng ch\u1ee9ng; ph\u00ed th\u1ea9m \u0111\u1ecbnh \u0111i\u1ec1u ki\u1ec7n ho\u1ea1t \u0111\u1ed9ng v\u0103n ph\u00f2ng c\u00f4ng ch\u1ee9ng; l\u1ec7 ph\u00ed c\u1ea5p th\u1ebb c\u00f4ng ch\u1ee9ng vi\u00ean<\/a><\/span><\/p>\t\t\t\t\t\t<\/div>\r\n\t\t\t\t<\/div>\r\n\t\t\t\t<div class=\"elementor-element elementor-element-5945b0d elementor-widget elementor-widget-text-editor\" data-id=\"5945b0d\" data-element_type=\"widget\" data-widget_type=\"text-editor.default\">\r\n\t\t\t\t<div class=\"elementor-widget-container\">\r\n\t\t\t\t\t\t\t<p><span style=\"color: #000000;\">2.\u00a0<a style=\"color: #000000;\" href=\"https:\/\/phongcongchungso7hcm.com\/ekios\/wp-content\/uploads\/2024\/06\/Thong-tu-111-2017-TT-BTC.pdf\"><strong>Th\u00f4ng t\u01b0 s\u1ed1 111\/2017\/TT-BTC<\/strong>\u00a0ng\u00e0y 20\/10\/2017 s\u1eeda \u0111\u1ed5i b\u1ed5 sung m\u1ed9t s\u1ed1 \u0111i\u1ec1u c\u1ee7a Th\u00f4ng t\u01b0 s\u1ed1 257\/2016\/TT-BTC ng\u00e0y 11\/11\/2016 c\u1ee7a B\u1ed9 T\u00e0i Ch\u00ednh quy \u0111\u1ecbnh m\u1ee9c, ch\u1ebf \u0111\u1ed9 thu, n\u1ed9p, qu\u1ea3n l\u00fd, s\u1eed d\u1ee5ng ph\u00ed c\u00f4ng ch\u1ee9ng; ph\u00ed ch\u1ee9ng th\u1ef1c; ph\u00ed th\u1ea9m \u0111\u1ecbnh ti\u00eau chu\u1ea9n, \u0111i\u1ec1u ki\u1ec7n h\u00e0nh ngh\u1ec1 c\u00f4ng ch\u1ee9ng; ph\u00ed th\u1ea9m \u0111\u1ecbnh \u0111i\u1ec1u ki\u1ec7n ho\u1ea1t \u0111\u1ed9ng v\u0103n ph\u00f2ng c\u00f4ng ch\u1ee9ng; l\u1ec7 ph\u00ed c\u1ea5p th\u1ebb c\u00f4ng ch\u1ee9ng vi\u00ean<\/a><\/span><\/p>\t\t\t\t\t\t<\/div>\r\n\t\t\t\t<\/div>\r\n\t\t\t\t<div class=\"elementor-element elementor-element-9e49ae7 elementor-widget elementor-widget-text-editor\" data-id=\"9e49ae7\" data-element_type=\"widget\" data-widget_type=\"text-editor.default\">\r\n\t\t\t\t<div class=\"elementor-widget-container\">\r\n\t\t\t\t\t\t\t<p><span style=\"color: #000000;\"><a style=\"color: #000000;\" href=\"https:\/\/phongcongchungso7hcm.com\/ekios\/wp-content\/uploads\/2025\/06\/652_QD-UBND_643869.pdf\">3.\u00a0<strong>Quy\u1ebft \u0111\u1ecbnh s\u1ed1 652\/Q\u0110-UBND<\/strong> ng\u00e0y 18\/02\/2025 c\u1ee7a UBND Th\u00e0nh ph\u1ed1 H\u1ed3 Ch\u00ed Minh v\u1ec1 ban h\u00e0nh quy \u0111\u1ecbnh m\u1ee9c tr\u1ea7n th\u00f9 lao c\u00f4ng ch\u1ee9ng tr\u00ean \u0111\u1ecba b\u00e0n th\u00e0nh ph\u1ed1 H\u1ed3 Ch\u00ed Minh.<\/a><\/span><\/p>\t\t\t\t\t\t<\/div>\r\n\t\t\t\t<\/div>\r\n\t\t\t\t\t<\/div>\r\n\t\t<\/div>\r\n\t\t\t\t\t\t\t<\/div>\r\n\t\t<\/section>\r\n\t\t\t\t\t\t\t<\/div>\r\n\t\t","protected":false},"excerpt":{"rendered":"<p>PH\u00cd C\u00d4NG CH\u1ee8NG H\u1ee2P \u0110\u1ed2NG, GIAO D\u1ecaCH C\u0102N C\u1ee8 T\u00cdNH PH\u00cd, TH\u00d9 LAO C\u00d4NG CH\u1ee8NG 1.\u00a0Th\u00f4ng t\u01b0 s\u1ed1 257\/2016\/TT-BTC\u00a0ng\u00e0y 11\/11\/2016 c\u1ee7a B\u1ed9 T\u00e0i Ch\u00ednh quy \u0111\u1ecbnh m\u1ee9c, ch\u1ebf \u0111\u1ed9 thu, n\u1ed9p, qu\u1ea3n l\u00fd, s\u1eed d\u1ee5ng ph\u00ed c\u00f4ng ch\u1ee9ng; ph\u00ed ch\u1ee9ng th\u1ef1c; ph\u00ed th\u1ea9m \u0111\u1ecbnh ti\u00eau chu\u1ea9n, \u0111i\u1ec1u ki\u1ec7n h\u00e0nh ngh\u1ec1 c\u00f4ng ch\u1ee9ng; ph\u00ed th\u1ea9m \u0111\u1ecbnh &hellip;<\/p>\n<p class=\"read-more\"> <a class=\"\" href=\"https:\/\/phongcongchungso7hcm.com\/ekios\/hop-dong-giao-dich-2\/\"> <span class=\"screen-reader-text\">H\u1ee3p \u0110\u1ed3ng Giao D\u1ecbch<\/span> Read More &raquo;<\/a><\/p>\n","protected":false},"author":1,"featured_media":0,"parent":0,"menu_order":0,"comment_status":"closed","ping_status":"closed","template":"elementor_header_footer","meta":{"site-sidebar-layout":"no-sidebar","site-content-layout":"page-builder","ast-global-header-display":"","ast-main-header-display":"","ast-hfb-above-header-display":"","ast-hfb-below-header-display":"","ast-hfb-mobile-header-display":"","site-post-title":"disabled","ast-breadcrumbs-content":"","ast-featured-img":"disabled","footer-sml-layout":"","theme-transparent-header-meta":"default","adv-header-id-meta":"","stick-header-meta":"","header-above-stick-meta":"","header-main-stick-meta":"","header-below-stick-meta":"","footnotes":""},"class_list":["post-241","page","type-page","status-publish","hentry"],"_links":{"self":[{"href":"https:\/\/phongcongchungso7hcm.com\/ekios\/wp-json\/wp\/v2\/pages\/241","targetHints":{"allow":["GET"]}}],"collection":[{"href":"https:\/\/phongcongchungso7hcm.com\/ekios\/wp-json\/wp\/v2\/pages"}],"about":[{"href":"https:\/\/phongcongchungso7hcm.com\/ekios\/wp-json\/wp\/v2\/types\/page"}],"author":[{"embeddable":true,"href":"https:\/\/phongcongchungso7hcm.com\/ekios\/wp-json\/wp\/v2\/users\/1"}],"replies":[{"embeddable":true,"href":"https:\/\/phongcongchungso7hcm.com\/ekios\/wp-json\/wp\/v2\/comments?post=241"}],"version-history":[{"count":31,"href":"https:\/\/phongcongchungso7hcm.com\/ekios\/wp-json\/wp\/v2\/pages\/241\/revisions"}],"predecessor-version":[{"id":1642,"href":"https:\/\/phongcongchungso7hcm.com\/ekios\/wp-json\/wp\/v2\/pages\/241\/revisions\/1642"}],"wp:attachment":[{"href":"https:\/\/phongcongchungso7hcm.com\/ekios\/wp-json\/wp\/v2\/media?parent=241"}],"curies":[{"name":"wp","href":"https:\/\/api.w.org\/{rel}","templated":true}]}}